{"id":39,"date":"2024-09-09T22:15:33","date_gmt":"2024-09-09T13:15:33","guid":{"rendered":"http:\/\/www.un-memory.com\/?page_id=39"},"modified":"2025-09-16T15:00:43","modified_gmt":"2025-09-16T06:00:43","slug":"main","status":"publish","type":"page","link":"http:\/\/www.un-memory.com\/","title":{"rendered":"main"},"content":{"rendered":"\n<p class=\"has-text-align-center has-text-color has-link-color has-medium-font-size wp-elements-e7d1ff3f24b3d58d80097374f44cb363\" style=\"color:#111e7d\"><strong>\u300c\u9762\u767d\u3044\u300d<br>\u300c\u6210\u3059\u70ba\u306b\u98db\u8e8d\u3059\u308b\u300d\u3092\u30dd\u30ea\u30b7\u30fc\u306b\u3002<\/strong><\/p>\n\n\n\n<p class=\"has-text-align-center\">\u682a\u5f0f\u4f1a\u793e\u30a2\u30f3\u30cd\u30fc\u30e0\u30c9\u30e1\u30e2\u30ea\u30fc\u306f\u3001\u300c\u9762\u767d\u3044\u300d<br>\u300c\u6210\u3059\u70ba\u306b\u98db\u8e8d\u3059\u308b\u300d\u3092\u30dd\u30ea\u30b7\u30fc\u3068\u3057\u3001\u4eba\u3068\u7269\u3084\u60c5\u5831\u304c\u3064\u306a\u304c\u308b\u793e\u4f1a\u306e\u5b9f\u73fe\u3092\u9054\u6210\u3057\u7d9a\u3051\u308b\u70ba\u306e\u30c9\u30ed\u30fc\u30f3\u306b\u95a2\u3059\u308b\u30b5\u30fc\u30d3\u30b9\u306e\u69cb\u7bc9\u3092\u884c\u3063\u3066\u304a\u308a\u307e\u3059\u3002<br><br>\u307e\u305f\u3001\u65b0\u305f\u306a\u30d3\u30b8\u30cd\u30b9\u3084\u3001\u591a\u7a2e\u591a\u69d8\u306a\u5206\u91ce\u306b\u304a\u3051\u308b\u304a\u5ba2\u69d8\u306e\u30cb\u30fc\u30ba\u306b\u5fdc\u3058\u305f\u30b5\u30fc\u30d3\u30b9\u306e\u53d6\u308a\u7d44\u307f\u3084\u30b5\u30dd\u30fc\u30c8\u3082\u5b9f\u65bd\u3057\u3066\u304a\u308a\u307e\u3059\u3002<br><br>\u56fd\u5185\u5916\u306b\u554f\u308f\u305a\u3001\u7e1b\u3089\u308c\u305a<br>\u300c\u601d\u8003\u306f\u5b9f\u73fe\u5316\u3059\u308b\u300d\u3092\u30e2\u30c3\u30c8\u30fc\u306b\u3001<br>\u307e\u305a\u306f\u300c\u3084\u3063\u3066\u307f\u308b\u300d\u305d\u3057\u3066\u300c\u98db\u8e8d\u3059\u308b\u300d<br><br>\u3084\u3063\u305f\u3089\u6c17\u3065\u304f\u9762\u767d\u3055<br><br>\u672c\u6c17\u3067\u3084\u3063\u305f\u3089\u3001\u300c\u904a\u3073\u3082\u4ed5\u4e8b\u3082\u305a\u3063\u3068\u9762\u767d\u3044\u300d\u3092\u5275\u9020\u3044\u305f\u3057\u307e\u3059\u3002<\/p>\n\n\n\n<div style=\"height:50px\" aria-hidden=\"true\" class=\"wp-block-spacer\"><\/div>\n\n\n\n<div class=\"wp-block-group alignfull\"><div class=\"wp-block-group__inner-container is-layout-constrained wp-block-group-is-layout-constrained\">\n<div class=\"wp-block-group alignfull has-background\" style=\"background-color:#edf0f7\"><div class=\"wp-block-group__inner-container is-layout-constrained wp-block-group-is-layout-constrained\">\n<div style=\"height:30px\" aria-hidden=\"true\" class=\"wp-block-spacer\"><\/div>\n\n\n\n<div class=\"wp-block-group alignfull has-background\" style=\"background-color:#edf0f7\"><div class=\"wp-block-group__inner-container is-layout-constrained wp-block-group-is-layout-constrained\">\n<div class=\"wp-block-group alignwide\"><div class=\"wp-block-group__inner-container is-layout-constrained wp-block-group-is-layout-constrained\">\n<h2 class=\"wp-block-heading has-text-align-center has-text-color has-link-color wp-elements-ba9f788d7ecbe29655ffa86a115cd3ca\" style=\"color:#111e7d;font-size:20px\"><br><strong>\u4e8b\u696d\u5185\u5bb9<\/strong><\/h2>\n\n\n\n<div class=\"wp-block-columns is-layout-flex wp-container-core-columns-is-layout-9d6595d7 wp-block-columns-is-layout-flex\">\n<div class=\"wp-block-column is-layout-flow wp-block-column-is-layout-flow\">\n<figure class=\"wp-block-image size-large\"><img loading=\"lazy\" decoding=\"async\" width=\"1024\" height=\"614\" src=\"http:\/\/www.un-memory.com\/wp-content\/uploads\/2024\/09\/service_01-1024x614.jpg\" alt=\"\" class=\"wp-image-65\" srcset=\"http:\/\/www.un-memory.com\/wp-content\/uploads\/2024\/09\/service_01-1024x614.jpg 1024w, http:\/\/www.un-memory.com\/wp-content\/uploads\/2024\/09\/service_01-300x180.jpg 300w, http:\/\/www.un-memory.com\/wp-content\/uploads\/2024\/09\/service_01-768x461.jpg 768w, http:\/\/www.un-memory.com\/wp-content\/uploads\/2024\/09\/service_01-840x504.jpg 840w, http:\/\/www.un-memory.com\/wp-content\/uploads\/2024\/09\/service_01.jpg 1417w\" sizes=\"auto, (max-width: 1024px) 100vw, 1024px\" \/><\/figure>\n\n\n\n<div class=\"wp-block-group has-white-background-color has-background\"><div class=\"wp-block-group__inner-container is-layout-constrained wp-block-group-is-layout-constrained\">\n<h2 class=\"wp-block-heading has-text-align-center has-white-background-color has-text-color has-background has-link-color wp-elements-b4302a73e1726ce8e49b91b5a52834b2\" style=\"color:#111e7d;font-size:16px\"><strong>\u30c9\u30ed\u30fc\u30f3\u95a2\u9023\u4e8b\u696d<\/strong><\/h2>\n\n\n<div class=\"wp-block-image\">\n<figure class=\"aligncenter size-full\"><img loading=\"lazy\" decoding=\"async\" width=\"300\" height=\"71\" src=\"http:\/\/www.un-memory.com\/wp-content\/uploads\/2024\/11\/KSDA_logo\u7d0d\u54c13.png\" alt=\"\" class=\"wp-image-381\"\/><\/figure>\n<\/div>\n\n\n<pre class=\"wp-block-preformatted has-white-background-color has-background\" style=\"font-size:14px\">\u56fd\u5bb6\u8cc7\u683c\u30b3\u30fc\u30b9\uff08\u4e00\u7b49\u30fb\u4e8c\u7b49\u7121\u4eba\u822a\u7a7a\u6a5f\u6280\u64cd\u7e26\u58eb\u53d6\u5f97\uff09\u306a\u3089\u3073\u306b\u5404\u7a2e\u9818\u57df\u5c02\u9580\u30b3\u30fc\u30b9\uff08\u904b\u884c\u7ba1\u7406\u3001\u901a\u4fe1\u9244\u5854\u70b9\u691c\u3001\u9001\u96fb\u9244\u5854\u70b9\u691c\u3001\u76ee\u8996\u5916\u64ae\u5f71\u3001\u7269\u6d41\u3001\u5916\u58c1\u70b9\u691c\u3001\u6e2c\u91cf\uff09\u306a\u3069\u3001\u95a2\u9023\u696d\u52d9\u30b5\u30fc\u30d3\u30b9\u306e\u3054\u6848\u5185\u3092\u3057\u3066\u304a\u308a\u307e\u3059\u3002<\/pre>\n<\/div><\/div>\n<\/div>\n\n\n\n<div class=\"wp-block-column is-layout-flow wp-block-column-is-layout-flow\">\n<figure class=\"wp-block-image size-full\"><img loading=\"lazy\" decoding=\"async\" width=\"500\" height=\"300\" src=\"http:\/\/www.un-memory.com\/wp-content\/uploads\/2024\/09\/service_02.jpg\" alt=\"\" class=\"wp-image-66\" srcset=\"http:\/\/www.un-memory.com\/wp-content\/uploads\/2024\/09\/service_02.jpg 500w, http:\/\/www.un-memory.com\/wp-content\/uploads\/2024\/09\/service_02-300x180.jpg 300w\" sizes=\"auto, (max-width: 500px) 100vw, 500px\" \/><\/figure>\n\n\n\n<div class=\"wp-block-group has-white-background-color has-background\"><div class=\"wp-block-group__inner-container is-layout-constrained wp-block-group-is-layout-constrained\">\n<h2 class=\"wp-block-heading has-text-align-center has-text-color has-link-color wp-elements-2e86e3228759da4a35a7221cd86b7308\" style=\"color:#111e7d;font-size:16px\"><br><strong>\u30a4\u30f3\u30bf\u30fc\u30cd\u30c3\u30c8\u5e83\u544a\u30e1\u30c7\u30a3\u30a2\u696d<br>\u306a\u3089\u3073\u306b\u4ee3\u7406\u696d<\/strong><\/h2>\n\n\n\n<pre class=\"wp-block-preformatted has-white-background-color has-background\">\u7121\u4eba\u822a\u7a7a\u6a5f\u306b\u95a2\u308f\u308b\u5b9f\u6a5f\u3001\u307e\u305f\u306fSNS\u306e\u81ea\u793e\u30e1\u30c7\u30a3\u30a2\u306b\u9650\u3089\u305a\u3001\u300c\u98db\u884c\u300d\u3084\u300c\u904b\u822a\u300d\u306b\u95a2\u308f\u308b\u822a\u7a7a\u7cfb\u30a4\u30f3\u30d5\u30e9\u30a4\u30c8\u5e83\u544a\u304b\u3089\u5730\u4e0b\u9244\u7b49\u306e\u5e83\u544a\u307e\u3067\u69d8\u3005\u306a\u5a92\u4f53\u306e\u3054\u63d0\u6848\u304c\u53ef\u80fd\u3068\u306a\u3063\u3066\u304a\u308a\u307e\u3059\u3002\u30a4\u30f3\u30d5\u30e9\u5468\u308a\u3092\u542b\u3080\u95a2\u9023\u4f01\u696d\u69d8\u306e\u4ee3\u7406\u5e97\u696d\u52d9\u3092\u884c\u3044\u307e\u3059\u3002<\/pre>\n<\/div><\/div>\n<\/div>\n\n\n\n<div class=\"wp-block-column is-layout-flow wp-block-column-is-layout-flow\">\n<figure class=\"wp-block-image size-full\"><img loading=\"lazy\" decoding=\"async\" width=\"500\" height=\"300\" src=\"http:\/\/www.un-memory.com\/wp-content\/uploads\/2024\/09\/service_04.jpg\" alt=\"\" class=\"wp-image-369\" srcset=\"http:\/\/www.un-memory.com\/wp-content\/uploads\/2024\/09\/service_04.jpg 500w, http:\/\/www.un-memory.com\/wp-content\/uploads\/2024\/09\/service_04-300x180.jpg 300w\" sizes=\"auto, (max-width: 500px) 100vw, 500px\" \/><\/figure>\n\n\n\n<div class=\"wp-block-group has-white-background-color has-background\"><div class=\"wp-block-group__inner-container is-layout-constrained wp-block-group-is-layout-constrained\">\n<h2 class=\"wp-block-heading has-text-align-center has-text-color has-link-color wp-elements-a4c02bf836f086dc37e45cb0fc449063\" style=\"color:#111e7d;font-size:16px\"><br><strong>\u55b6\u696d\u652f\u63f4\u4e8b\u696d<\/strong><\/h2>\n\n\n\n<pre class=\"wp-block-preformatted has-white-background-color has-background\">\u4f01\u696d\u69d8\u306e\u524d\u9032\u3092\u5074\u9762\u3068\u5f8c\u65b9\u304b\u3089\u5168\u529b\u3067\u30b5\u30dd\u30fc\u30c8\u3057\u3066\u3001\u95a2\u9023\u4f01\u696d\u69d8\u3001\u307e\u305f\u5f0a\u793e\u3068\u306e\u30b7\u30ca\u30b8\u30fc\u52b9\u679c\u3092\u3054\u63d0\u4f9b\u3044\u305f\u3057\u307e\u3059\u3002\u65b0\u898f\u7372\u5f97\u55b6\u696d\u304b\u3089\u5404\u7a2e\u7d4c\u55b6\u30b3\u30f3\u30b5\u30eb\u306b\u81f3\u308b\u307e\u3067\u3001\u4f01\u696d\u69d8\u306e\u3054\u5e0c\u671b\u306b\u5408\u308f\u305b\u308b\u4e8b\u304c\u53ef\u80fd\u3067\u3059\u3002<\/pre>\n<\/div><\/div>\n<\/div>\n<\/div>\n<\/div><\/div>\n\n\n\n<div style=\"height:20px\" aria-hidden=\"true\" class=\"wp-block-spacer\"><\/div>\n\n\n\n<div style=\"height:20px\" aria-hidden=\"true\" class=\"wp-block-spacer\"><\/div>\n<\/div><\/div>\n<\/div><\/div>\n<\/div><\/div>\n\n\n\n<div style=\"height:30px\" aria-hidden=\"true\" class=\"wp-block-spacer\"><\/div>\n\n\n\n<p class=\"has-text-align-center has-text-color has-link-color has-medium-font-size wp-elements-a0f6cc6968ecf2f6455db08cd1066ee9\" style=\"color:#111e7d\"><strong>\u4f1a\u793e\u6982\u8981<\/strong><\/p>\n\n\n\n<div class=\"wp-block-media-text is-stacked-on-mobile is-vertically-aligned-top\" style=\"grid-template-columns:25% auto\"><figure class=\"wp-block-media-text__media\"><img loading=\"lazy\" decoding=\"async\" width=\"782\" height=\"1024\" src=\"http:\/\/www.un-memory.com\/wp-content\/uploads\/2025\/09\/data_trim_4827-782x1024.jpg\" alt=\"\" class=\"wp-image-386 size-full\" srcset=\"http:\/\/www.un-memory.com\/wp-content\/uploads\/2025\/09\/data_trim_4827-782x1024.jpg 782w, http:\/\/www.un-memory.com\/wp-content\/uploads\/2025\/09\/data_trim_4827-229x300.jpg 229w, http:\/\/www.un-memory.com\/wp-content\/uploads\/2025\/09\/data_trim_4827-768x1005.jpg 768w, http:\/\/www.un-memory.com\/wp-content\/uploads\/2025\/09\/data_trim_4827-1173x1536.jpg 1173w, http:\/\/www.un-memory.com\/wp-content\/uploads\/2025\/09\/data_trim_4827-1565x2048.jpg 1565w, http:\/\/www.un-memory.com\/wp-content\/uploads\/2025\/09\/data_trim_4827-scaled.jpg 1956w\" sizes=\"auto, (max-width: 782px) 100vw, 782px\" \/><\/figure><div class=\"wp-block-media-text__content\">\n<p style=\"font-size:16px\"><strong>\u4ee3\u8868\u6328\u62f6<\/strong><\/p>\n\n\n\n<p style=\"font-size:16px\">\u591a\u7a2e\u591a\u69d8\u306a\u4fa1\u5024\u89b3\u3084\u3001\u5468\u308a\u306b\u76ee\u3092\u596a\u308f\u308c\u308b\u4e8b\u304c\u591a\u3044\u60c5\u5831\u904e\u591a\u306a\u793e\u4f1a\u3068\u306a\u308a\u3001\u67d4\u8edf\u306b\u99c6\u3051\u629c\u3051\u7d9a\u3051\u308b\u529b\u304c\u5fc5\u8981\u4e0d\u53ef\u6b20\u306a\u6642\u4ee3\u3068\u306a\u308a\u307e\u3057\u305f\u3002<\/p>\n\n\n\n<p style=\"font-size:16px\">\u305d\u306e\u4e2d\u3067\u3001\u7570\u696d\u7a2e\u7d4c\u55b6\u306e\u5b9f\u8df5\u7d4c\u9a13\u3092\u30d1\u30fc\u30bd\u30ca\u30eb\u30b9\u30ad\u30eb\u3068\u3057\u3001\u30ce\u30fc\u30de\u30e9\u30a4\u30bc\u30fc\u30b7\u30e7\u30f3\u306e\u8003\u3048\u3092\u5f85\u3061\u3001\u4eba\u304c\u751f\u6d3b\u3092\u8c4a\u304b\u306b\u3057\u767a\u5c55\u3059\u308b\u4e2d\u3067\u300c\u5f53\u305f\u308a\u524d\u306e\u3053\u3068\u3092\u5f53\u305f\u308a\u524d\u306b\u3084\u308b\u4e8b\u300d\u3092\u63b2\u3052\u3066\u304a\u308a\u307e\u3059\u3002<\/p>\n\n\n\n<p style=\"font-size:16px\">\u300c\u6628\u65e5\u306e\u81ea\u5206\u3092\u4e00\u3064\u8ffd\u3044\u8d8a\u3059\u300d\u3092\u5ff5\u306b\u3001\u500b\u3005\u304c\u5e7e\u661f\u971c\u306e\u4e2d\u3067\u990a\u308f\u308c\u7d9a\u3051\u3066\u304d\u305f\u6f5c\u5728\u7684\u306b\u6301\u3064\u672c\u80fd\u3084\u5df1\u306e\u771f\u4fa1\u3092\u4fe1\u3058\u3001\u80b2\u307f\u3001\u790e\u3042\u308b\u4f1a\u793e\u7d44\u7e54\u3067\u5728\u308a\u305f\u3044\u3068\u8003\u3048\u3066\u304a\u308a\u307e\u3059\u3002<\/p>\n\n\n\n<p style=\"font-size:16px\">\u7686\u69d8\u3068\u540c\u3058\u6642\u4ee3\u306b\u751f\u307e\u308c\u305f\u3054\u7e01\u3092\u5927\u5207\u306b\u3057\u306a\u304c\u3089\u3082\u3001\u5171\u306b\u6b69\u3080\u3053\u3068\u304c\u51fa\u6765\u305f\u3089\u5927\u5909\u5b09\u3057\u304f\u601d\u3044\u307e\u3059\u3002<\/p>\n\n\n\n<p class=\"has-text-align-right\" style=\"font-size:16px\">\u682a\u5f0f\u4f1a\u793e\u30a2\u30f3\u30cd\u30fc\u30e0\u30c9\u30e1\u30e2\u30ea\u30fc<br>\u4ee3\u8868\u53d6\u7de0\u5f79\u793e\u9577\u3000\u7e54\u9593 \u771f\u4e00<\/p>\n<\/div><\/div>\n\n\n\n<div class=\"wp-block-columns is-layout-flex wp-container-core-columns-is-layout-9d6595d7 wp-block-columns-is-layout-flex\">\n<div class=\"wp-block-column is-layout-flow wp-block-column-is-layout-flow\">\n<div style=\"height:30px\" aria-hidden=\"true\" class=\"wp-block-spacer\"><\/div>\n\n\n\n<div class=\"wp-block-columns is-layout-flex wp-container-core-columns-is-layout-9d6595d7 wp-block-columns-is-layout-flex\">\n<div class=\"wp-block-column is-layout-flow wp-block-column-is-layout-flow\">\n<iframe src=\"https:\/\/www.google.com\/maps\/embed?pb=!1m18!1m12!1m3!1d3234.084058979845!2d139.8147116116485!3d35.846942320738165!2m3!1f0!2f0!3f0!3m2!1i1024!2i768!4f13.1!3m3!1m2!1s0x601890d6e5e751f3%3A0xff2e3a4a44b053b!2z44CSMzQwLTAwMDQg5Z-8546J55yM6I2J5Yqg5biC5byB5aSp77yV5LiB55uu77yR77yT4oiS77yZ!5e0!3m2!1sja!2sjp!4v1726204303895!5m2!1sja!2sjp\" width=\"600\" height=\"450\" style=\"border:0;\" allowfullscreen=\"\" loading=\"lazy\" referrerpolicy=\"no-referrer-when-downgrade\"><\/iframe>\n<\/div>\n\n\n\n<div class=\"wp-block-column is-layout-flow wp-block-column-is-layout-flow\">\n<p><strong>\u4f1a\u793e\u540d<\/strong><br>\u682a\u5f0f\u4f1a\u793e\u30a2\u30f3\u30cd\u30fc\u30e0\u30c9\u30e1\u30e2\u30ea\u30fc<br><br><strong>\u8a2d\u7acb\u65e5<\/strong><br>2024\u5e7410\u67081\u65e5<br><br><strong>\u6240\u5728\u5730<\/strong><br>\u3012340-0004<br>\u57fc\u7389\u770c\u8349\u52a0\u5e02\u5f01\u59295\u4e01\u76ee13\u756a9\u53f7<br><br><strong>\u4ee3\u8868\u53d6\u7de0\u5f79<\/strong><br>\u7e54\u9593 \u771f\u4e00<br><br><strong>\u8cc7\u672c\u91d1<\/strong><br>300\u4e07\u5186<br><br><strong>\u4e8b\u696d\u5185\u5bb9<\/strong><br>\u30c9\u30ed\u30fc\u30f3\u4e8b\u696d<br>\u30a4\u30f3\u30bf\u30fc\u30cd\u30c3\u30c8\u5e83\u544a\u30e1\u30c7\u30a3\u30a2\u696d\u306a\u3089\u3073\u306b\u4ee3\u7406\u696d<br>\u55b6\u696d\u652f\u63f4\u4e8b\u696d<\/p>\n<\/div>\n<\/div>\n<\/div>\n<\/div>\n\n\n\n<div class=\"wp-block-group has-background\" style=\"background-color:#edf0f7\"><div class=\"wp-block-group__inner-container is-layout-constrained wp-block-group-is-layout-constrained\">\n<div class=\"wp-block-group alignfull has-background\" style=\"background-color:#edf0f7\"><div class=\"wp-block-group__inner-container is-layout-constrained wp-block-group-is-layout-constrained\">\n<div style=\"height:40px\" aria-hidden=\"true\" class=\"wp-block-spacer\"><\/div>\n\n\n\n<div class=\"wp-block-group has-background\" style=\"background-color:#edf0f7\"><div class=\"wp-block-group__inner-container is-layout-constrained wp-block-group-is-layout-constrained\">\n<div class=\"wp-block-group\"><div class=\"wp-block-group__inner-container is-layout-constrained wp-block-group-is-layout-constrained\">\n<h2 class=\"wp-block-heading has-text-color has-link-color has-medium-font-size wp-elements-138d0e29ecf7530931a3ae103cb1a875\" style=\"color:#111e7d\"><strong>\u63a1\u7528\u60c5\u5831<\/strong><\/h2>\n\n\n\n<p class=\"has-vivid-red-color has-text-color has-link-color has-small-font-size wp-elements-59f698d29221f03487497a473052fc04\"><strong>\u203b\u73fe\u5728\u52df\u96c6\u306f\u3057\u3066\u304a\u308a\u307e\u305b\u3093\u3002<\/strong><\/p>\n\n\n\n<p style=\"font-size:16px\">\u300c\u9762\u767d\u3044\u300d\u300c\u6210\u3059\u305f\u3081\u306b\u98db\u8e8d\u3059\u308b\u300d\u2500\u2500\u3053\u308c\u304c\u79c1\u305f\u3061\u306e\u4fe1\u5ff5\u3067\u3059\u3002<br>\u30c9\u30ed\u30fc\u30f3\u3092\u6d3b\u7528\u3057\u305f\u30b5\u30fc\u30d3\u30b9\u3067\u3001\u4eba\u3068\u7269\u3001\u60c5\u5831\u304c\u3064\u306a\u304c\u308b\u793e\u4f1a\u306e\u5b9f\u73fe\u3092\u76ee\u6307\u3057\u3001\u69d8\u3005\u306a\u5206\u91ce\u3067\u8ab2\u984c\u89e3\u6c7a\u306b\u6311\u6226\u3057\u3066\u3044\u307e\u3059\u3002<br>\u79c1\u305f\u3061\u306f\u56fd\u5185\u5916\u554f\u308f\u305a\u3001\u65b0\u305f\u306a\u30d3\u30b8\u30cd\u30b9\u3084\u591a\u69d8\u306a\u30cb\u30fc\u30ba\u306b\u5fdc\u3058\u305f\u30b5\u30fc\u30d3\u30b9\u3092\u69cb\u7bc9\u3057\u3001\u300c\u601d\u8003\u306f\u5b9f\u73fe\u5316\u3059\u308b\u300d\u300c\u3084\u3063\u3066\u307f\u308b\u300d\u300c\u98db\u8e8d\u3059\u308b\u300d\u3092\u30e2\u30c3\u30c8\u30fc\u306b\u884c\u52d5\u3057\u3066\u3044\u307e\u3059\u3002<\/p>\n\n\n\n<p style=\"font-size:16px\">\u3084\u3063\u3066\u307f\u305f\u3089\u308f\u304b\u308b\u3001\u4ed5\u4e8b\u306e\u9762\u767d\u3055\u3002<br>\u672c\u6c17\u3067\u3084\u308b\u304b\u3089\u300c\u904a\u3073\u3082\u4ed5\u4e8b\u3082\u9762\u767d\u3044\u300d\u3002<\/p>\n\n\n\n<p style=\"font-size:16px\">\u79c1\u305f\u3061\u3068\u4e00\u7dd2\u306b\u3001\u9762\u767d\u3044\u3053\u3068\u3092\u3057\u306a\u304c\u3089\u3001\u5171\u306b\u98db\u8e8d\u3057\u3066\u6210\u3057\u9042\u3052\u3066\u307f\u307e\u305b\u3093\u304b\uff1f\u3042\u306a\u305f\u306e\u6311\u6226\u3092\u304a\u5f85\u3061\u3057\u3066\u3044\u307e\u3059\uff01<br><br><strong>\u5f85\u9047<\/strong><br>\u30fb\u30d5\u30ec\u30c3\u30af\u30b9\u5236\u5ea6<br>\u30d5\u30ec\u30c3\u30af\u30b9\u5236\u5ea6\u3092\u5c0e\u5165\u3057\u3066\u3044\u307e\u3059\u3002<br>\u30fb\u5728\u5b85\u52e4\u52d9\u5236\u5ea6<br>\u696d\u52d9\u306b\u3088\u3063\u3066\u306f\u5728\u5b85\u52e4\u52d9\u3082\u53ef\u80fd\u3067\u3059\u3002<br>\u203b\u51fa\u52e4\u5272\u5408\u306f\u696d\u52d9\u62c5\u5f53\u306b\u3088\u308a\u7570\u306a\u308b\u70ba\u3001\u8981\u76f8\u8ac7\u3068\u306a\u308a\u307e\u3059\u3002<\/p>\n<\/div><\/div>\n<\/div><\/div>\n\n\n\n<div class=\"wp-block-buttons is-content-justification-center is-layout-flex wp-container-core-buttons-is-layout-16018d1d wp-block-buttons-is-layout-flex\">\n<div class=\"wp-block-button\"><a class=\"wp-block-button__link has-background wp-element-button\" style=\"background-color:#111e7d;padding-right:var(--wp--preset--spacing--80);padding-left:var(--wp--preset--spacing--80)\">\u5fdc\u52df\u306f\u3053\u3061\u3089\u25b6\ufe0e<\/a><\/div>\n<\/div>\n\n\n\n<div style=\"height:20px\" aria-hidden=\"true\" class=\"wp-block-spacer\"><\/div>\n<\/div><\/div>\n<\/div><\/div>\n\n\n\n<div style=\"height:50px\" aria-hidden=\"true\" class=\"wp-block-spacer\"><\/div>\n\n\n\n<div class=\"wp-block-group alignwide\"><div class=\"wp-block-group__inner-container is-layout-constrained wp-block-group-is-layout-constrained\">\n<p class=\"has-text-align-center has-text-color has-link-color has-medium-font-size wp-elements-038d16715f066f802fe64f863a4ed6cb\" style=\"color:#111e7d\"><strong>\u304a\u554f\u3044\u5408\u308f\u305b<\/strong><\/p>\n\n\n\n<p class=\"has-text-align-center\">\u5f0a\u793e\u306b\u95a2\u3059\u308b\u3054\u8cea\u554f\u3084\u304a\u554f\u3044\u5408\u308f\u305b\u306a\u3069\u3001\u304a\u6c17\u8efd\u306b\u304a\u554f\u3044\u5408\u308f\u305b\u304f\u3060\u3055\u3044\u3002<\/p>\n<\/div><\/div>\n\n\n\n<div class=\"wpcf7 no-js\" id=\"wpcf7-f236-o1\" lang=\"ja\" dir=\"ltr\">\n<div class=\"screen-reader-response\"><p role=\"status\" aria-live=\"polite\" aria-atomic=\"true\"><\/p> <ul><\/ul><\/div>\n<form action=\"\/index.php?rest_route=%2Fwp%2Fv2%2Fpages%2F39#wpcf7-f236-o1\" method=\"post\" class=\"wpcf7-form init\" aria-label=\"\u30b3\u30f3\u30bf\u30af\u30c8\u30d5\u30a9\u30fc\u30e0\" novalidate=\"novalidate\" data-status=\"init\">\n<div style=\"display: none;\">\n<input type=\"hidden\" name=\"_wpcf7\" value=\"236\" \/>\n<input type=\"hidden\" name=\"_wpcf7_version\" value=\"5.9.8\" \/>\n<input type=\"hidden\" name=\"_wpcf7_locale\" value=\"ja\" \/>\n<input type=\"hidden\" name=\"_wpcf7_unit_tag\" value=\"wpcf7-f236-o1\" \/>\n<input type=\"hidden\" name=\"_wpcf7_container_post\" value=\"0\" \/>\n<input type=\"hidden\" name=\"_wpcf7_posted_data_hash\" value=\"\" \/>\n<\/div>\n<table class=\"CF7_table\">\n\t<tr>\n\t\t<th>\n\t\t\t<p><span class=\"CF7_req\">\u5fc5\u9808<\/span> \u3054\u76f8\u8ac7\u5185\u5bb9\n\t\t\t<\/p>\n\t\t<\/th>\n\t\t<td>\n\t\t\t<p><span class=\"wpcf7-form-control-wrap\" data-name=\"checkbox-inq\"><span class=\"wpcf7-form-control wpcf7-checkbox wpcf7-validates-as-required\"><span class=\"wpcf7-list-item first\"><input type=\"checkbox\" name=\"checkbox-inq[]\" value=\"\u304a\u554f\u3044\u5408\u308f\u305b\" \/><span class=\"wpcf7-list-item-label\">\u304a\u554f\u3044\u5408\u308f\u305b<\/span><\/span><span class=\"wpcf7-list-item\"><input type=\"checkbox\" name=\"checkbox-inq[]\" value=\"\u63a1\u7528\u306b\u3064\u3044\u3066\" \/><span class=\"wpcf7-list-item-label\">\u63a1\u7528\u306b\u3064\u3044\u3066<\/span><\/span><span class=\"wpcf7-list-item last\"><input type=\"checkbox\" name=\"checkbox-inq[]\" value=\"\u305d\u306e\u4ed6\" \/><span class=\"wpcf7-list-item-label\">\u305d\u306e\u4ed6<\/span><\/span><\/span><\/span>\n\t\t\t<\/p>\n\t\t<\/td>\n\t<\/tr>\n\t<tr>\n\t\t<th>\n\t\t\t<p><span class=\"CF7_req\">\u5fc5\u9808<\/span> \u304a\u540d\u524d\n\t\t\t<\/p>\n\t\t<\/th>\n\t\t<td>\n\t\t\t<p><span class=\"wpcf7-form-control-wrap\" data-name=\"your-name\"><input size=\"40\" maxlength=\"400\" class=\"wpcf7-form-control wpcf7-text wpcf7-validates-as-required\" aria-required=\"true\" aria-invalid=\"false\" placeholder=\"\u4f8b\uff1a\u5c71\u7530\u592a\u90ce\" value=\"\" type=\"text\" name=\"your-name\" \/><\/span>\n\t\t\t<\/p>\n\t\t<\/td>\n\t<\/tr>\n\t<tr>\n\t\t<th>\n\t\t\t<p><span class=\"CF7_req\">\u5fc5\u9808<\/span> \u30e1\u30fc\u30eb\u30a2\u30c9\u30ec\u30b9\n\t\t\t<\/p>\n\t\t<\/th>\n\t\t<td>\n\t\t\t<p><span class=\"wpcf7-form-control-wrap\" data-name=\"your-email\"><input size=\"40\" maxlength=\"400\" class=\"wpcf7-form-control wpcf7-email wpcf7-validates-as-required wpcf7-text wpcf7-validates-as-email\" aria-required=\"true\" aria-invalid=\"false\" placeholder=\"\u4f8b\uff1a\u00d7\u00d7\u00d7@\u00d7\u00d7\u00d7.com\" value=\"\" type=\"email\" name=\"your-email\" \/><\/span>\n\t\t\t<\/p>\n\t\t<\/td>\n\t<\/tr>\n\t<tr>\n\t\t<th>\n\t\t\t<p><span class=\"CF7_unreq\">\u4efb\u610f<\/span>\u4f1a\u793e\u540d\n\t\t\t<\/p>\n\t\t<\/th>\n\t\t<td>\n\t\t\t<p><span class=\"wpcf7-form-control-wrap\" data-name=\"your-company\"><input size=\"40\" maxlength=\"400\" class=\"wpcf7-form-control wpcf7-text\" aria-invalid=\"false\" placeholder=\"\u4f8b\uff1a\u25ef\u25ef\u682a\u5f0f\u4f1a\u793e\" value=\"\" type=\"text\" name=\"your-company\" \/><\/span>\n\t\t\t<\/p>\n\t\t<\/td>\n\t<\/tr>\n\t<tr>\n\t\t<th>\n\t\t\t<p><span class=\"CF7_unreq\">\u4efb\u610f<\/span>\u90f5\u4fbf\u756a\u53f7\n\t\t\t<\/p>\n\t\t<\/th>\n\t\t<td>\n\t\t\t<p><span class=\"wpcf7-form-control-wrap\" data-name=\"zip\"><input size=\"40\" maxlength=\"400\" class=\"wpcf7-form-control wpcf7-text\" id=\"zip\" aria-invalid=\"false\" placeholder=\"\u4f8b\uff1a123-4567\" value=\"\" type=\"text\" name=\"zip\" \/><\/span>\n\t\t\t<\/p>\n\t\t<\/td>\n\t<\/tr>\n\t<tr>\n\t\t<th>\n\t\t\t<p><span class=\"CF7_unreq\">\u4efb\u610f<\/span>\u90fd\u9053\u5e9c\u770c\n\t\t\t<\/p>\n\t\t<\/th>\n\t\t<td>\n\t\t\t<p><span class=\"wpcf7-form-control-wrap\" data-name=\"pref\"><input size=\"40\" maxlength=\"400\" class=\"wpcf7-form-control wpcf7-text\" id=\"pref\" aria-invalid=\"false\" placeholder=\"\u4f8b\uff1a\u6771\u4eac\u90fd\" value=\"\" type=\"text\" name=\"pref\" \/><\/span>\n\t\t\t<\/p>\n\t\t<\/td>\n\t<\/tr>\n\t<tr>\n\t\t<th>\n\t\t\t<p><span class=\"CF7_unreq\">\u4efb\u610f<\/span>\u3054\u4f4f\u6240\n\t\t\t<\/p>\n\t\t<\/th>\n\t\t<td class=\"address-100\">\n\t\t\t<p><span class=\"wpcf7-form-control-wrap\" data-name=\"addr\"><input size=\"40\" maxlength=\"400\" class=\"wpcf7-form-control wpcf7-text\" id=\"addr\" aria-invalid=\"false\" placeholder=\"\u4f8b\uff1a\u4e2d\u592e\u533a\u9280\u5ea7\uff11\uff12\uff13\uff14\uff15\" value=\"\" type=\"text\" name=\"addr\" \/><\/span>\n\t\t\t<\/p>\n\t\t<\/td>\n\t<\/tr>\n\t<tr>\n\t\t<th>\n\t\t\t<p><span class=\"CF7_req\">\u5fc5\u9808<\/span>\u304a\u96fb\u8a71\u756a\u53f7\n\t\t\t<\/p>\n\t\t<\/th>\n\t\t<td>\n\t\t\t<p><span class=\"wpcf7-form-control-wrap\" data-name=\"your-tel\"><input size=\"40\" maxlength=\"400\" class=\"wpcf7-form-control wpcf7-text wpcf7-validates-as-required\" aria-required=\"true\" aria-invalid=\"false\" placeholder=\"\u4f8b\uff1a03-1234-5678\" value=\"\" type=\"text\" name=\"your-tel\" \/><\/span>\n\t\t\t<\/p>\n\t\t<\/td>\n\t<\/tr>\n\t<tr>\n\t\t<th>\n\t\t\t<p><span class=\"CF7_req\">\u5fc5\u9808<\/span>\u30e1\u30c3\u30bb\u30fc\u30b8\u672c\u6587\n\t\t\t<\/p>\n\t\t<\/th>\n\t\t<td class=\"message-100\">\n\t\t\t<p><span class=\"wpcf7-form-control-wrap\" data-name=\"your-message\"><textarea cols=\"40\" rows=\"10\" maxlength=\"2000\" class=\"wpcf7-form-control wpcf7-textarea wpcf7-validates-as-required\" aria-required=\"true\" aria-invalid=\"false\" placeholder=\"\u304a\u554f\u3044\u5408\u308f\u305b\u5185\u5bb9\u3092\u3054\u8a18\u5165\u304f\u3060\u3055\u3044\" name=\"your-message\"><\/textarea><\/span>\u3000\n\t\t\t<\/p>\n\t\t<\/td>\n\t<\/tr>\n<\/table>\n<p class=\"CF7_btn\"><input class=\"wpcf7-form-control wpcf7-submit has-spinner\" type=\"submit\" value=\"\u9001\u4fe1\u3059\u308b\" \/>\n<\/p><div class=\"wpcf7-response-output\" aria-hidden=\"true\"><\/div>\n<\/form>\n<\/div>\n\n","protected":false},"excerpt":{"rendered":"<p>\u300c\u9762\u767d\u3044\u300d\u300c\u6210\u3059\u70ba\u306b\u98db\u8e8d\u3059\u308b\u300d\u3092\u30dd\u30ea\u30b7\u30fc\u306b\u3002 \u682a\u5f0f\u4f1a\u793e\u30a2\u30f3\u30cd\u30fc\u30e0\u30c9\u30e1\u30e2\u30ea\u30fc\u306f\u3001\u300c\u9762\u767d\u3044\u300d\u300c\u6210\u3059\u70ba\u306b\u98db\u8e8d\u3059\u308b\u300d\u3092\u30dd\u30ea\u30b7\u30fc\u3068\u3057\u3001\u4eba\u3068\u7269\u3084\u60c5\u5831\u304c\u3064\u306a\u304c\u308b\u793e\u4f1a\u306e\u5b9f\u73fe\u3092\u9054\u6210\u3057\u7d9a\u3051\u308b\u70ba\u306e\u30c9\u30ed\u30fc\u30f3\u306b\u95a2\u3059\u308b\u30b5\u30fc\u30d3\u30b9\u306e\u69cb\u7bc9\u3092\u884c\u3063\u3066\u304a\u308a\u307e\u3059 [&hellip;]<\/p>\n","protected":false},"author":1,"featured_media":0,"parent":0,"menu_order":0,"comment_status":"closed","ping_status":"closed","template":"","meta":{"vkexunit_cta_each_option":"","footnotes":""},"class_list":["post-39","page","type-page","status-publish","hentry"],"_links":{"self":[{"href":"http:\/\/www.un-memory.com\/index.php?rest_route=\/wp\/v2\/pages\/39","targetHints":{"allow":["GET"]}}],"collection":[{"href":"http:\/\/www.un-memory.com\/index.php?rest_route=\/wp\/v2\/pages"}],"about":[{"href":"http:\/\/www.un-memory.com\/index.php?rest_route=\/wp\/v2\/types\/page"}],"author":[{"embeddable":true,"href":"http:\/\/www.un-memory.com\/index.php?rest_route=\/wp\/v2\/users\/1"}],"replies":[{"embeddable":true,"href":"http:\/\/www.un-memory.com\/index.php?rest_route=%2Fwp%2Fv2%2Fcomments&post=39"}],"version-history":[{"count":126,"href":"http:\/\/www.un-memory.com\/index.php?rest_route=\/wp\/v2\/pages\/39\/revisions"}],"predecessor-version":[{"id":387,"href":"http:\/\/www.un-memory.com\/index.php?rest_route=\/wp\/v2\/pages\/39\/revisions\/387"}],"wp:attachment":[{"href":"http:\/\/www.un-memory.com\/index.php?rest_route=%2Fwp%2Fv2%2Fmedia&parent=39"}],"curies":[{"name":"wp","href":"https:\/\/api.w.org\/{rel}","templated":true}]}}