{"id":27,"date":"2024-09-09T22:05:32","date_gmt":"2024-09-09T13:05:32","guid":{"rendered":"http:\/\/www.un-memory.com\/?page_id=27"},"modified":"2024-09-12T22:48:29","modified_gmt":"2024-09-12T13:48:29","slug":"%e6%8e%a1%e7%94%a8%e6%83%85%e5%a0%b1","status":"publish","type":"page","link":"http:\/\/www.un-memory.com\/?page_id=27","title":{"rendered":"\u63a1\u7528\u60c5\u5831"},"content":{"rendered":"\n<p class=\"has-text-align-center has-text-color has-link-color has-medium-font-size wp-elements-f1d7bd493daf62031387abf636494b5a\" style=\"color:#111e7d\"><strong>\u63a1\u7528\u60c5\u5831<\/strong><\/p>\n\n\n\n<p class=\"has-vivid-red-color has-text-color has-link-color has-small-font-size wp-elements-59f698d29221f03487497a473052fc04\"><strong>\u203b\u73fe\u5728\u52df\u96c6\u306f\u3057\u3066\u304a\u308a\u307e\u305b\u3093\u3002<\/strong><\/p>\n\n\n\n<p style=\"font-size:16px\">\u300c\u9762\u767d\u3044\u300d\u300c\u6210\u3059\u305f\u3081\u306b\u98db\u8e8d\u3059\u308b\u300d\u2500\u2500\u3053\u308c\u304c\u79c1\u305f\u3061\u306e\u4fe1\u5ff5\u3067\u3059\u3002<br>\u30c9\u30ed\u30fc\u30f3\u3092\u6d3b\u7528\u3057\u305f\u30b5\u30fc\u30d3\u30b9\u3067\u3001\u4eba\u3068\u7269\u3001\u60c5\u5831\u304c\u3064\u306a\u304c\u308b\u793e\u4f1a\u306e\u5b9f\u73fe\u3092\u76ee\u6307\u3057\u3001\u69d8\u3005\u306a\u5206\u91ce\u3067\u8ab2\u984c\u89e3\u6c7a\u306b\u6311\u6226\u3057\u3066\u3044\u307e\u3059\u3002<br>\u79c1\u305f\u3061\u306f\u56fd\u5185\u5916\u554f\u308f\u305a\u3001\u65b0\u305f\u306a\u30d3\u30b8\u30cd\u30b9\u3084\u591a\u69d8\u306a\u30cb\u30fc\u30ba\u306b\u5fdc\u3058\u305f\u30b5\u30fc\u30d3\u30b9\u3092\u69cb\u7bc9\u3057\u3001\u300c\u601d\u8003\u306f\u5b9f\u73fe\u5316\u3059\u308b\u300d\u300c\u3084\u3063\u3066\u307f\u308b\u300d\u300c\u98db\u8e8d\u3059\u308b\u300d\u3092\u30e2\u30c3\u30c8\u30fc\u306b\u884c\u52d5\u3057\u3066\u3044\u307e\u3059\u3002<\/p>\n\n\n\n<p style=\"font-size:16px\">\u3084\u3063\u3066\u307f\u305f\u3089\u308f\u304b\u308b\u3001\u4ed5\u4e8b\u306e\u9762\u767d\u3055\u3002<br>\u672c\u6c17\u3067\u3084\u308b\u304b\u3089\u3001\u300c\u904a\u3073\u3082\u4ed5\u4e8b\u3082\u9762\u767d\u3044\u300d\u3002<\/p>\n\n\n\n<p style=\"font-size:16px\">\u79c1\u305f\u3061\u3068\u4e00\u7dd2\u306b\u3001\u9762\u767d\u3044\u3053\u3068\u3092\u3057\u306a\u304c\u3089\u3001\u5171\u306b\u98db\u8e8d\u3057\u3066\u6210\u3057\u9042\u3052\u3066\u307f\u307e\u305b\u3093\u304b\uff1f\u3042\u306a\u305f\u306e\u6311\u6226\u3092\u304a\u5f85\u3061\u3057\u3066\u3044\u307e\u3059\uff01<br><br><strong>\u5f85\u9047<\/strong><br>\u30fb\u30d5\u30ec\u30c3\u30af\u30b9\u5236\u5ea6<br>\u30d5\u30ec\u30c3\u30af\u30b9\u5236\u5ea6\u3092\u5c0e\u5165\u3057\u3066\u3044\u307e\u3059\u3002<br>\u30fb\u5728\u5b85\u52e4\u52d9\u5236\u5ea6<br>\u696d\u52d9\u306b\u3088\u3063\u3066\u306f\u5728\u5b85\u52e4\u52d9\u3082\u53ef\u80fd\u3067\u3059\u3002<br>\u203b\u51fa\u52e4\u5272\u5408\u306f\u696d\u52d9\u62c5\u5f53\u306b\u3088\u308a\u7570\u306a\u308b\u70ba\u3001\u8981\u76f8\u8ac7\u3068\u306a\u308a\u307e\u3059\u3002<\/p>\n\n\n\n<div style=\"height:20px\" aria-hidden=\"true\" class=\"wp-block-spacer\"><\/div>\n\n\n\n<div class=\"wpcf7 no-js\" id=\"wpcf7-f236-o1\" lang=\"ja\" dir=\"ltr\">\n<div class=\"screen-reader-response\"><p role=\"status\" aria-live=\"polite\" aria-atomic=\"true\"><\/p> <ul><\/ul><\/div>\n<form action=\"\/index.php?rest_route=%2Fwp%2Fv2%2Fpages%2F27#wpcf7-f236-o1\" method=\"post\" class=\"wpcf7-form init\" aria-label=\"\u30b3\u30f3\u30bf\u30af\u30c8\u30d5\u30a9\u30fc\u30e0\" novalidate=\"novalidate\" data-status=\"init\">\n<div style=\"display: none;\">\n<input type=\"hidden\" name=\"_wpcf7\" value=\"236\" \/>\n<input type=\"hidden\" name=\"_wpcf7_version\" value=\"5.9.8\" \/>\n<input type=\"hidden\" name=\"_wpcf7_locale\" value=\"ja\" \/>\n<input type=\"hidden\" name=\"_wpcf7_unit_tag\" value=\"wpcf7-f236-o1\" \/>\n<input type=\"hidden\" name=\"_wpcf7_container_post\" value=\"0\" \/>\n<input type=\"hidden\" name=\"_wpcf7_posted_data_hash\" value=\"\" \/>\n<\/div>\n<table class=\"CF7_table\">\n\t<tr>\n\t\t<th>\n\t\t\t<p><span class=\"CF7_req\">\u5fc5\u9808<\/span> \u3054\u76f8\u8ac7\u5185\u5bb9\n\t\t\t<\/p>\n\t\t<\/th>\n\t\t<td>\n\t\t\t<p><span class=\"wpcf7-form-control-wrap\" data-name=\"checkbox-inq\"><span class=\"wpcf7-form-control wpcf7-checkbox wpcf7-validates-as-required\"><span class=\"wpcf7-list-item first\"><input type=\"checkbox\" name=\"checkbox-inq[]\" value=\"\u304a\u554f\u3044\u5408\u308f\u305b\" \/><span class=\"wpcf7-list-item-label\">\u304a\u554f\u3044\u5408\u308f\u305b<\/span><\/span><span class=\"wpcf7-list-item\"><input type=\"checkbox\" name=\"checkbox-inq[]\" value=\"\u63a1\u7528\u306b\u3064\u3044\u3066\" \/><span class=\"wpcf7-list-item-label\">\u63a1\u7528\u306b\u3064\u3044\u3066<\/span><\/span><span class=\"wpcf7-list-item last\"><input type=\"checkbox\" name=\"checkbox-inq[]\" value=\"\u305d\u306e\u4ed6\" \/><span class=\"wpcf7-list-item-label\">\u305d\u306e\u4ed6<\/span><\/span><\/span><\/span>\n\t\t\t<\/p>\n\t\t<\/td>\n\t<\/tr>\n\t<tr>\n\t\t<th>\n\t\t\t<p><span class=\"CF7_req\">\u5fc5\u9808<\/span> \u304a\u540d\u524d\n\t\t\t<\/p>\n\t\t<\/th>\n\t\t<td>\n\t\t\t<p><span class=\"wpcf7-form-control-wrap\" data-name=\"your-name\"><input size=\"40\" maxlength=\"400\" class=\"wpcf7-form-control wpcf7-text wpcf7-validates-as-required\" aria-required=\"true\" aria-invalid=\"false\" placeholder=\"\u4f8b\uff1a\u5c71\u7530\u592a\u90ce\" value=\"\" type=\"text\" name=\"your-name\" \/><\/span>\n\t\t\t<\/p>\n\t\t<\/td>\n\t<\/tr>\n\t<tr>\n\t\t<th>\n\t\t\t<p><span class=\"CF7_req\">\u5fc5\u9808<\/span> \u30e1\u30fc\u30eb\u30a2\u30c9\u30ec\u30b9\n\t\t\t<\/p>\n\t\t<\/th>\n\t\t<td>\n\t\t\t<p><span class=\"wpcf7-form-control-wrap\" data-name=\"your-email\"><input size=\"40\" maxlength=\"400\" class=\"wpcf7-form-control wpcf7-email wpcf7-validates-as-required wpcf7-text wpcf7-validates-as-email\" aria-required=\"true\" aria-invalid=\"false\" placeholder=\"\u4f8b\uff1a\u00d7\u00d7\u00d7@\u00d7\u00d7\u00d7.com\" value=\"\" type=\"email\" name=\"your-email\" \/><\/span>\n\t\t\t<\/p>\n\t\t<\/td>\n\t<\/tr>\n\t<tr>\n\t\t<th>\n\t\t\t<p><span class=\"CF7_unreq\">\u4efb\u610f<\/span>\u4f1a\u793e\u540d\n\t\t\t<\/p>\n\t\t<\/th>\n\t\t<td>\n\t\t\t<p><span class=\"wpcf7-form-control-wrap\" data-name=\"your-company\"><input size=\"40\" maxlength=\"400\" class=\"wpcf7-form-control wpcf7-text\" aria-invalid=\"false\" placeholder=\"\u4f8b\uff1a\u25ef\u25ef\u682a\u5f0f\u4f1a\u793e\" value=\"\" type=\"text\" name=\"your-company\" \/><\/span>\n\t\t\t<\/p>\n\t\t<\/td>\n\t<\/tr>\n\t<tr>\n\t\t<th>\n\t\t\t<p><span class=\"CF7_unreq\">\u4efb\u610f<\/span>\u90f5\u4fbf\u756a\u53f7\n\t\t\t<\/p>\n\t\t<\/th>\n\t\t<td>\n\t\t\t<p><span class=\"wpcf7-form-control-wrap\" data-name=\"zip\"><input size=\"40\" maxlength=\"400\" class=\"wpcf7-form-control wpcf7-text\" id=\"zip\" aria-invalid=\"false\" placeholder=\"\u4f8b\uff1a123-4567\" value=\"\" type=\"text\" name=\"zip\" \/><\/span>\n\t\t\t<\/p>\n\t\t<\/td>\n\t<\/tr>\n\t<tr>\n\t\t<th>\n\t\t\t<p><span class=\"CF7_unreq\">\u4efb\u610f<\/span>\u90fd\u9053\u5e9c\u770c\n\t\t\t<\/p>\n\t\t<\/th>\n\t\t<td>\n\t\t\t<p><span class=\"wpcf7-form-control-wrap\" data-name=\"pref\"><input size=\"40\" maxlength=\"400\" class=\"wpcf7-form-control wpcf7-text\" id=\"pref\" aria-invalid=\"false\" placeholder=\"\u4f8b\uff1a\u6771\u4eac\u90fd\" value=\"\" type=\"text\" name=\"pref\" \/><\/span>\n\t\t\t<\/p>\n\t\t<\/td>\n\t<\/tr>\n\t<tr>\n\t\t<th>\n\t\t\t<p><span class=\"CF7_unreq\">\u4efb\u610f<\/span>\u3054\u4f4f\u6240\n\t\t\t<\/p>\n\t\t<\/th>\n\t\t<td class=\"address-100\">\n\t\t\t<p><span class=\"wpcf7-form-control-wrap\" data-name=\"addr\"><input size=\"40\" maxlength=\"400\" class=\"wpcf7-form-control wpcf7-text\" id=\"addr\" aria-invalid=\"false\" placeholder=\"\u4f8b\uff1a\u4e2d\u592e\u533a\u9280\u5ea7\uff11\uff12\uff13\uff14\uff15\" value=\"\" type=\"text\" name=\"addr\" \/><\/span>\n\t\t\t<\/p>\n\t\t<\/td>\n\t<\/tr>\n\t<tr>\n\t\t<th>\n\t\t\t<p><span class=\"CF7_req\">\u5fc5\u9808<\/span>\u304a\u96fb\u8a71\u756a\u53f7\n\t\t\t<\/p>\n\t\t<\/th>\n\t\t<td>\n\t\t\t<p><span class=\"wpcf7-form-control-wrap\" data-name=\"your-tel\"><input size=\"40\" maxlength=\"400\" class=\"wpcf7-form-control wpcf7-text wpcf7-validates-as-required\" aria-required=\"true\" aria-invalid=\"false\" placeholder=\"\u4f8b\uff1a03-1234-5678\" value=\"\" type=\"text\" name=\"your-tel\" \/><\/span>\n\t\t\t<\/p>\n\t\t<\/td>\n\t<\/tr>\n\t<tr>\n\t\t<th>\n\t\t\t<p><span class=\"CF7_req\">\u5fc5\u9808<\/span>\u30e1\u30c3\u30bb\u30fc\u30b8\u672c\u6587\n\t\t\t<\/p>\n\t\t<\/th>\n\t\t<td class=\"message-100\">\n\t\t\t<p><span class=\"wpcf7-form-control-wrap\" data-name=\"your-message\"><textarea cols=\"40\" rows=\"10\" maxlength=\"2000\" class=\"wpcf7-form-control wpcf7-textarea wpcf7-validates-as-required\" aria-required=\"true\" aria-invalid=\"false\" placeholder=\"\u304a\u554f\u3044\u5408\u308f\u305b\u5185\u5bb9\u3092\u3054\u8a18\u5165\u304f\u3060\u3055\u3044\" name=\"your-message\"><\/textarea><\/span>\u3000\n\t\t\t<\/p>\n\t\t<\/td>\n\t<\/tr>\n<\/table>\n<p class=\"CF7_btn\"><input class=\"wpcf7-form-control wpcf7-submit has-spinner\" type=\"submit\" value=\"\u9001\u4fe1\u3059\u308b\" \/>\n<\/p><div class=\"wpcf7-response-output\" aria-hidden=\"true\"><\/div>\n<\/form>\n<\/div>\n\n","protected":false},"excerpt":{"rendered":"<p>\u63a1\u7528\u60c5\u5831 \u203b\u73fe\u5728\u52df\u96c6\u306f\u3057\u3066\u304a\u308a\u307e\u305b\u3093\u3002 \u300c\u9762\u767d\u3044\u300d\u300c\u6210\u3059\u305f\u3081\u306b\u98db\u8e8d\u3059\u308b\u300d\u2500\u2500\u3053\u308c\u304c\u79c1\u305f\u3061\u306e\u4fe1\u5ff5\u3067\u3059\u3002\u30c9\u30ed\u30fc\u30f3\u3092\u6d3b\u7528\u3057\u305f\u30b5\u30fc\u30d3\u30b9\u3067\u3001\u4eba\u3068\u7269\u3001\u60c5\u5831\u304c\u3064\u306a\u304c\u308b\u793e\u4f1a\u306e\u5b9f\u73fe\u3092\u76ee\u6307\u3057\u3001\u69d8\u3005\u306a\u5206\u91ce\u3067\u8ab2\u984c\u89e3\u6c7a\u306b\u6311\u6226\u3057\u3066\u3044\u307e\u3059\u3002\u79c1\u305f\u3061\u306f\u56fd [&hellip;]<\/p>\n","protected":false},"author":1,"featured_media":0,"parent":0,"menu_order":0,"comment_status":"closed","ping_status":"closed","template":"","meta":{"vkexunit_cta_each_option":"","footnotes":""},"class_list":["post-27","page","type-page","status-publish","hentry"],"_links":{"self":[{"href":"http:\/\/www.un-memory.com\/index.php?rest_route=\/wp\/v2\/pages\/27","targetHints":{"allow":["GET"]}}],"collection":[{"href":"http:\/\/www.un-memory.com\/index.php?rest_route=\/wp\/v2\/pages"}],"about":[{"href":"http:\/\/www.un-memory.com\/index.php?rest_route=\/wp\/v2\/types\/page"}],"author":[{"embeddable":true,"href":"http:\/\/www.un-memory.com\/index.php?rest_route=\/wp\/v2\/users\/1"}],"replies":[{"embeddable":true,"href":"http:\/\/www.un-memory.com\/index.php?rest_route=%2Fwp%2Fv2%2Fcomments&post=27"}],"version-history":[{"count":5,"href":"http:\/\/www.un-memory.com\/index.php?rest_route=\/wp\/v2\/pages\/27\/revisions"}],"predecessor-version":[{"id":285,"href":"http:\/\/www.un-memory.com\/index.php?rest_route=\/wp\/v2\/pages\/27\/revisions\/285"}],"wp:attachment":[{"href":"http:\/\/www.un-memory.com\/index.php?rest_route=%2Fwp%2Fv2%2Fmedia&parent=27"}],"curies":[{"name":"wp","href":"https:\/\/api.w.org\/{rel}","templated":true}]}}